{"id":117,"date":"2026-01-27T19:36:11","date_gmt":"2026-01-27T17:36:11","guid":{"rendered":"https:\/\/audion.fi\/verkkokauppa\/?post_type=product&#038;p=117"},"modified":"2026-02-27T13:04:58","modified_gmt":"2026-02-27T11:04:58","slug":"stairville-dmx-master-3-fx-case","status":"publish","type":"product","link":"https:\/\/audion.fi\/verkkokauppa\/tuote\/stairville-dmx-master-3-fx-case\/","title":{"rendered":"Stairville DMX-Master 3-FX + case"},"content":{"rendered":"<p>*** K\u00c4YTETTY ***<\/p>\n<ul class=\"fx-list product-text__list\">\n<li class=\"fx-list__item list-item fx-list__item--circle\"><span class=\"fx-text fx-text--plus list-item__text\">256 DMX-kanavaa<\/span><\/li>\n<li class=\"fx-list__item list-item fx-list__item--circle\"><span class=\"fx-text fx-text--plus list-item__text\">Ohjaa jopa 16 DMX-laitetta 16 DMX-kanavalla<\/span><\/li>\n<li class=\"fx-list__item list-item fx-list__item--circle\"><span class=\"fx-text fx-text--plus list-item__text\">240 kohtausta 30 pankissa (8 kohtausta pankkia kohden)<\/span><\/li>\n<li class=\"fx-list__item list-item fx-list__item--circle\"><span class=\"fx-text fx-text--plus list-item__text\">6 Chaseria, joissa on jopa 250 askelta (luotu kohtauksista)<\/span><\/li>\n<li class=\"fx-list__item list-item fx-list__item--circle\"><span class=\"fx-text fx-text--plus list-item__text\">6 &#8221;P\u00e4\u00e4llekk\u00e4is&#8221;-kohtausta<\/span><\/li>\n<li class=\"fx-list__item list-item fx-list__item--circle\"><span class=\"fx-text fx-text--plus list-item__text\">Nopeus- ja h\u00e4ivytysaika asetettu kaikille ohjelmille ja juoksuhihnoille<\/span><\/li>\n<li class=\"fx-list__item list-item fx-list__item--circle\"><span class=\"fx-text fx-text--plus list-item__text\">2 koodauspy\u00f6r\u00e4\u00e4 PAN- ja TILT-s\u00e4\u00e4t\u00f6\u00f6n<\/span><\/li>\n<li class=\"fx-list__item list-item fx-list__item--circle\"><span class=\"fx-text fx-text--plus list-item__text\">Konfiguroitava pimennysmestari<\/span><\/li>\n<li class=\"fx-list__item list-item fx-list__item--circle\"><span class=\"fx-text fx-text--plus list-item__text\">Toistotilan &#8221;Korvaa&#8221;-toiminto<\/span><\/li>\n<li class=\"fx-list__item list-item fx-list__item--circle\"><span class=\"fx-text fx-text--plus list-item__text\">Kaikki kanavat voidaan k\u00e4\u00e4nt\u00e4\u00e4<\/span><\/li>\n<li class=\"fx-list__item list-item fx-list__item--circle\"><span class=\"fx-text fx-text--plus list-item__text\">J\u00e4\u00e4dytystoiminto (j\u00e4\u00e4dytt\u00e4\u00e4 nykyisen DMX-l\u00e4hd\u00f6n)<\/span><\/li>\n<li class=\"fx-list__item list-item fx-list__item--circle\"><span class=\"fx-text fx-text--plus list-item__text\">&#8221;Sound to Light&#8221; -musiikinohjaus sis\u00e4\u00e4nrakennetulla mikrofonilla ja s\u00e4\u00e4dett\u00e4v\u00e4ll\u00e4 suodattimella<\/span><\/li>\n<li class=\"fx-list__item list-item fx-list__item--circle\"><span class=\"fx-text fx-text--plus list-item__text\">2 eri tilaa MIDI-syntetisaattorille tai 49-koskettimille MIDI-koskettimille<\/span><\/li>\n<li class=\"fx-list__item list-item fx-list__item--circle\"><span class=\"fx-text fx-text--plus list-item__text\">MIDI-ohjain ja muita toistotoimintoja, pimennyst\u00e4, p\u00e4\u00e4llekk\u00e4isyyksi\u00e4, pys\u00e4ytyst\u00e4, automaattista tahdinvaihtoa, tap Synci\u00e4 jne. varten.<\/span><\/li>\n<li class=\"fx-list__item list-item fx-list__item--circle\"><span class=\"fx-text fx-text--plus list-item__text\">S\u00e4\u00e4dett\u00e4v\u00e4 h\u00e4ivytysaikatoiminto kullekin kanavalle<\/span><\/li>\n<li class=\"fx-list__item list-item fx-list__item--circle\"><span class=\"fx-text fx-text--plus list-item__text\">Tietojen varmuuskopiointi USB:n kautta<\/span><\/li>\n<li class=\"fx-list__item list-item fx-list__item--circle\"><span class=\"fx-text fx-text--plus list-item__text\">Ohjelmistop\u00e4ivitys USB:n kautta<\/span><\/li>\n<li class=\"fx-list__item list-item fx-list__item--circle\"><span class=\"fx-text fx-text--plus list-item__text\">Sis. USB-jalustavalon<\/span><\/li>\n<li class=\"fx-list__item list-item fx-list__item--circle\"><span class=\"fx-text fx-text--plus list-item__text\">19&#8243; r\u00e4kkiin asennettava (muovikehys on irrotettava ruuveilla)<\/span><\/li>\n<li class=\"fx-list__item list-item fx-list__item--circle\"><span class=\"fx-text fx-text--plus list-item__text\">Mitat: 526 x 232 x 88 mm<\/span><\/li>\n<li class=\"fx-list__item list-item fx-list__item--circle\"><span class=\"fx-text fx-text--plus list-item__text\">Paino: 3,5 kg<\/span><\/li>\n<\/ul>\n","protected":false},"excerpt":{"rendered":"<p>*** K\u00c4YTETTY *** 256 DMX-kanavaa Ohjaa jopa 16 DMX-laitetta 16 DMX-kanavalla 240 kohtausta 30 pankissa (8 kohtausta pankkia kohden) 6 Chaseria, joissa on jopa 250 askelta (luotu kohtauksista) 6 &#8221;P\u00e4\u00e4llekk\u00e4is&#8221;-kohtausta Nopeus- ja h\u00e4ivytysaika asetettu kaikille ohjelmille ja juoksuhihnoille 2 koodauspy\u00f6r\u00e4\u00e4 PAN- ja TILT-s\u00e4\u00e4t\u00f6\u00f6n Konfiguroitava pimennysmestari Toistotilan &#8221;Korvaa&#8221;-toiminto Kaikki kanavat voidaan k\u00e4\u00e4nt\u00e4\u00e4 J\u00e4\u00e4dytystoiminto (j\u00e4\u00e4dytt\u00e4\u00e4 nykyisen DMX-l\u00e4hd\u00f6n) [&hellip;]<\/p>\n","protected":false},"featured_media":118,"template":"","meta":{"_regular_price":["250"],"currency_symbol":[]},"product_brand":[30],"product_cat":[77,27],"product_tag":[],"class_list":{"0":"post-117","1":"product","2":"type-product","3":"status-publish","4":"has-post-thumbnail","6":"product_brand-stairville","7":"product_cat-kaytetty-tuote","8":"product_cat-valo","10":"first","11":"instock","12":"taxable","13":"shipping-taxable","14":"purchasable","15":"product-type-simple"},"post_slider_layout_featured_media_urls":{"thumbnail":["https:\/\/audion.fi\/verkkokauppa\/wp-content\/uploads\/2026\/01\/stair-150x150.jpg",150,150,true],"post_slider_layout_landscape_large":["https:\/\/audion.fi\/verkkokauppa\/wp-content\/uploads\/2026\/01\/stair.jpg",600,600,false],"post_slider_layout_portrait_large":["https:\/\/audion.fi\/verkkokauppa\/wp-content\/uploads\/2026\/01\/stair.jpg",600,600,false],"post_slider_layout_square_large":["https:\/\/audion.fi\/verkkokauppa\/wp-content\/uploads\/2026\/01\/stair.jpg",600,600,false],"post_slider_layout_landscape":["https:\/\/audion.fi\/verkkokauppa\/wp-content\/uploads\/2026\/01\/stair.jpg",400,400,false],"post_slider_layout_portrait":["https:\/\/audion.fi\/verkkokauppa\/wp-content\/uploads\/2026\/01\/stair.jpg",600,600,false],"post_slider_layout_square":["https:\/\/audion.fi\/verkkokauppa\/wp-content\/uploads\/2026\/01\/stair.jpg",600,600,false],"full":["https:\/\/audion.fi\/verkkokauppa\/wp-content\/uploads\/2026\/01\/stair.jpg",600,600,false]},"_links":{"self":[{"href":"https:\/\/audion.fi\/verkkokauppa\/wp-json\/wp\/v2\/product\/117","targetHints":{"allow":["GET"]}}],"collection":[{"href":"https:\/\/audion.fi\/verkkokauppa\/wp-json\/wp\/v2\/product"}],"about":[{"href":"https:\/\/audion.fi\/verkkokauppa\/wp-json\/wp\/v2\/types\/product"}],"wp:featuredmedia":[{"embeddable":true,"href":"https:\/\/audion.fi\/verkkokauppa\/wp-json\/wp\/v2\/media\/118"}],"wp:attachment":[{"href":"https:\/\/audion.fi\/verkkokauppa\/wp-json\/wp\/v2\/media?parent=117"}],"wp:term":[{"taxonomy":"product_brand","embeddable":true,"href":"https:\/\/audion.fi\/verkkokauppa\/wp-json\/wp\/v2\/product_brand?post=117"},{"taxonomy":"product_cat","embeddable":true,"href":"https:\/\/audion.fi\/verkkokauppa\/wp-json\/wp\/v2\/product_cat?post=117"},{"taxonomy":"product_tag","embeddable":true,"href":"https:\/\/audion.fi\/verkkokauppa\/wp-json\/wp\/v2\/product_tag?post=117"}],"curies":[{"name":"wp","href":"https:\/\/api.w.org\/{rel}","templated":true}]}}