{"id":147,"date":"2026-01-28T05:16:17","date_gmt":"2026-01-28T03:16:17","guid":{"rendered":"https:\/\/audion.fi\/verkkokauppa\/?post_type=product&#038;p=147"},"modified":"2026-02-27T13:02:57","modified_gmt":"2026-02-27T11:02:57","slug":"showtec-snowbreeze","status":"publish","type":"product","link":"https:\/\/audion.fi\/verkkokauppa\/tuote\/showtec-snowbreeze\/","title":{"rendered":"Eurolite Snow 3001"},"content":{"rendered":"<p>*** K\u00c4YTETTY ***<\/p>\n<p>&#8221;lumikoneen&#8221; toimivuutta ei ole testattu. Hankittu k\u00e4ytettyn\u00e4..<\/p>\n<p>Mukaan vajaa purkki nestett\u00e4.<\/p>\n","protected":false},"excerpt":{"rendered":"<p>*** K\u00c4YTETTY *** &#8221;lumikoneen&#8221; toimivuutta ei ole testattu. Hankittu k\u00e4ytettyn\u00e4.. Mukaan vajaa purkki nestett\u00e4.<\/p>\n","protected":false},"featured_media":154,"template":"","meta":{"_regular_price":["40"],"currency_symbol":[]},"product_brand":[73],"product_cat":[77,27],"product_tag":[],"class_list":{"0":"post-147","1":"product","2":"type-product","3":"status-publish","4":"has-post-thumbnail","6":"product_brand-eurolite","7":"product_cat-kaytetty-tuote","8":"product_cat-valo","10":"first","11":"instock","12":"taxable","13":"shipping-taxable","14":"purchasable","15":"product-type-simple"},"post_slider_layout_featured_media_urls":{"thumbnail":["https:\/\/audion.fi\/verkkokauppa\/wp-content\/uploads\/2026\/01\/175416-150x150.jpg",150,150,true],"post_slider_layout_landscape_large":["https:\/\/audion.fi\/verkkokauppa\/wp-content\/uploads\/2026\/01\/175416.jpg",400,311,false],"post_slider_layout_portrait_large":["https:\/\/audion.fi\/verkkokauppa\/wp-content\/uploads\/2026\/01\/175416.jpg",400,311,false],"post_slider_layout_square_large":["https:\/\/audion.fi\/verkkokauppa\/wp-content\/uploads\/2026\/01\/175416.jpg",400,311,false],"post_slider_layout_landscape":["https:\/\/audion.fi\/verkkokauppa\/wp-content\/uploads\/2026\/01\/175416.jpg",400,311,false],"post_slider_layout_portrait":["https:\/\/audion.fi\/verkkokauppa\/wp-content\/uploads\/2026\/01\/175416.jpg",400,311,false],"post_slider_layout_square":["https:\/\/audion.fi\/verkkokauppa\/wp-content\/uploads\/2026\/01\/175416.jpg",400,311,false],"full":["https:\/\/audion.fi\/verkkokauppa\/wp-content\/uploads\/2026\/01\/175416.jpg",400,311,false]},"_links":{"self":[{"href":"https:\/\/audion.fi\/verkkokauppa\/wp-json\/wp\/v2\/product\/147","targetHints":{"allow":["GET"]}}],"collection":[{"href":"https:\/\/audion.fi\/verkkokauppa\/wp-json\/wp\/v2\/product"}],"about":[{"href":"https:\/\/audion.fi\/verkkokauppa\/wp-json\/wp\/v2\/types\/product"}],"wp:featuredmedia":[{"embeddable":true,"href":"https:\/\/audion.fi\/verkkokauppa\/wp-json\/wp\/v2\/media\/154"}],"wp:attachment":[{"href":"https:\/\/audion.fi\/verkkokauppa\/wp-json\/wp\/v2\/media?parent=147"}],"wp:term":[{"taxonomy":"product_brand","embeddable":true,"href":"https:\/\/audion.fi\/verkkokauppa\/wp-json\/wp\/v2\/product_brand?post=147"},{"taxonomy":"product_cat","embeddable":true,"href":"https:\/\/audion.fi\/verkkokauppa\/wp-json\/wp\/v2\/product_cat?post=147"},{"taxonomy":"product_tag","embeddable":true,"href":"https:\/\/audion.fi\/verkkokauppa\/wp-json\/wp\/v2\/product_tag?post=147"}],"curies":[{"name":"wp","href":"https:\/\/api.w.org\/{rel}","templated":true}]}}