{"id":204,"date":"2026-02-17T13:05:57","date_gmt":"2026-02-17T11:05:57","guid":{"rendered":"https:\/\/audion.fi\/verkkokauppa\/?post_type=product&#038;p=204"},"modified":"2026-02-27T13:01:42","modified_gmt":"2026-02-27T11:01:42","slug":"sennheiser-e604","status":"publish","type":"product","link":"https:\/\/audion.fi\/verkkokauppa\/tuote\/sennheiser-e604\/","title":{"rendered":"Sennheiser E604"},"content":{"rendered":"<p>*** K\u00c4YTETTY ***<\/p>\n<p>Muutamia kapulanj\u00e4lki\u00e4 tuotteissa.<\/p>\n<h2 class=\"fx-headline fx-headline--3 fx-space-bottom--m\">Dynamic Instrument Microphone<\/h2>\n<ul class=\"fx-list product-text__list\">\n<li class=\"fx-list__item list-item fx-list__item--circle\"><span class=\"fx-text fx-text--plus list-item__text\">Ideal e.g. for toms, snare, percussion<\/span><\/li>\n<li class=\"fx-list__item list-item fx-list__item--circle\"><span class=\"fx-text fx-text--plus list-item__text\">Polar pattern: cardioid<\/span><\/li>\n<li class=\"fx-list__item list-item fx-list__item--circle\"><span class=\"fx-text fx-text--plus list-item__text\">Frequency range: 40 &#8211; 18,000 Hz<\/span><\/li>\n<li class=\"fx-list__item list-item fx-list__item--circle\"><span class=\"fx-text fx-text--plus list-item__text\">Sensitivity: 1.8 mV\/Pa @ 1 kHz<\/span><\/li>\n<li class=\"fx-list__item list-item fx-list__item--circle\"><span class=\"fx-text fx-text--plus list-item__text\">Glass-fibre reinforced, robust plastic housing<\/span><\/li>\n<li class=\"fx-list__item list-item fx-list__item--circle\"><span class=\"fx-text fx-text--plus list-item__text\">Insensitive to impact and structure borne sound<\/span><\/li>\n<li class=\"fx-list__item list-item fx-list__item--circle\"><span class=\"fx-text fx-text--plus list-item__text\">Highest sound pressure (160 dB) is transmitted without distortion<\/span><\/li>\n<li class=\"fx-list__item list-item fx-list__item--circle\"><span class=\"fx-text fx-text--plus list-item__text\">Very low inherent noise<\/span><\/li>\n<li class=\"fx-list__item list-item fx-list__item--circle\"><span class=\"fx-text fx-text--plus list-item__text\">Hum-compensating coil<\/span><\/li>\n<li class=\"fx-list__item list-item fx-list__item--circle\"><span class=\"fx-text fx-text--plus list-item__text\">Good positioning due to compact design<\/span><\/li>\n<li class=\"fx-list__item list-item fx-list__item--circle\"><span class=\"fx-text fx-text--plus list-item__text\">Integrated tripod mount<\/span><\/li>\n<li class=\"fx-list__item list-item fx-list__item--circle\"><span class=\"fx-text fx-text--plus list-item__text\">Inlet basket: stainless steel<\/span><\/li>\n<\/ul>\n","protected":false},"excerpt":{"rendered":"<p>*** K\u00c4YTETTY *** Muutamia kapulanj\u00e4lki\u00e4 tuotteissa. Dynamic Instrument Microphone Ideal e.g. for toms, snare, percussion Polar pattern: cardioid Frequency range: 40 &#8211; 18,000 Hz Sensitivity: 1.8 mV\/Pa @ 1 kHz Glass-fibre reinforced, robust plastic housing Insensitive to impact and structure borne sound Highest sound pressure (160 dB) is transmitted without distortion Very low inherent noise [&hellip;]<\/p>\n","protected":false},"featured_media":205,"template":"","meta":{"_regular_price":["90"],"currency_symbol":[]},"product_brand":[66],"product_cat":[77,24],"product_tag":[],"class_list":{"0":"post-204","1":"product","2":"type-product","3":"status-publish","4":"has-post-thumbnail","6":"product_brand-sennheiser","7":"product_cat-kaytetty-tuote","8":"product_cat-mikit","10":"first","11":"instock","12":"taxable","13":"shipping-taxable","14":"purchasable","15":"product-type-simple"},"post_slider_layout_featured_media_urls":{"thumbnail":["https:\/\/audion.fi\/verkkokauppa\/wp-content\/uploads\/2026\/02\/e604-150x150.jpeg",150,150,true],"post_slider_layout_landscape_large":["https:\/\/audion.fi\/verkkokauppa\/wp-content\/uploads\/2026\/02\/e604-scaled.jpeg",600,800,false],"post_slider_layout_portrait_large":["https:\/\/audion.fi\/verkkokauppa\/wp-content\/uploads\/2026\/02\/e604-scaled.jpeg",1200,1600,false],"post_slider_layout_square_large":["https:\/\/audion.fi\/verkkokauppa\/wp-content\/uploads\/2026\/02\/e604-scaled.jpeg",900,1200,false],"post_slider_layout_landscape":["https:\/\/audion.fi\/verkkokauppa\/wp-content\/uploads\/2026\/02\/e604-scaled.jpeg",300,400,false],"post_slider_layout_portrait":["https:\/\/audion.fi\/verkkokauppa\/wp-content\/uploads\/2026\/02\/e604-scaled.jpeg",600,800,false],"post_slider_layout_square":["https:\/\/audion.fi\/verkkokauppa\/wp-content\/uploads\/2026\/02\/e604-scaled.jpeg",450,600,false],"full":["https:\/\/audion.fi\/verkkokauppa\/wp-content\/uploads\/2026\/02\/e604-scaled.jpeg",1920,2560,false]},"_links":{"self":[{"href":"https:\/\/audion.fi\/verkkokauppa\/wp-json\/wp\/v2\/product\/204","targetHints":{"allow":["GET"]}}],"collection":[{"href":"https:\/\/audion.fi\/verkkokauppa\/wp-json\/wp\/v2\/product"}],"about":[{"href":"https:\/\/audion.fi\/verkkokauppa\/wp-json\/wp\/v2\/types\/product"}],"wp:featuredmedia":[{"embeddable":true,"href":"https:\/\/audion.fi\/verkkokauppa\/wp-json\/wp\/v2\/media\/205"}],"wp:attachment":[{"href":"https:\/\/audion.fi\/verkkokauppa\/wp-json\/wp\/v2\/media?parent=204"}],"wp:term":[{"taxonomy":"product_brand","embeddable":true,"href":"https:\/\/audion.fi\/verkkokauppa\/wp-json\/wp\/v2\/product_brand?post=204"},{"taxonomy":"product_cat","embeddable":true,"href":"https:\/\/audion.fi\/verkkokauppa\/wp-json\/wp\/v2\/product_cat?post=204"},{"taxonomy":"product_tag","embeddable":true,"href":"https:\/\/audion.fi\/verkkokauppa\/wp-json\/wp\/v2\/product_tag?post=204"}],"curies":[{"name":"wp","href":"https:\/\/api.w.org\/{rel}","templated":true}]}}